{"id":336,"date":"2025-01-13T18:34:07","date_gmt":"2025-01-13T18:34:07","guid":{"rendered":"https:\/\/cacao.rs\/?page_id=336"},"modified":"2025-02-02T15:04:43","modified_gmt":"2025-02-02T15:04:43","slug":"tretmani-lica","status":"publish","type":"page","link":"https:\/\/cacao.rs\/index.php\/tretmani-lica\/","title":{"rendered":"Tretmani lica i tela"},"content":{"rendered":"\t\t<div data-elementor-type=\"wp-page\" data-elementor-id=\"336\" class=\"elementor elementor-336\">\n\t\t\t\t<div class=\"elementor-element elementor-element-e368bc4 e-con-full e-flex e-con e-parent\" data-id=\"e368bc4\" data-element_type=\"container\" data-settings=\"{&quot;background_background&quot;:&quot;classic&quot;,&quot;shape_divider_bottom&quot;:&quot;opacity-fan&quot;}\">\n\t\t\t\t<div class=\"elementor-shape elementor-shape-bottom\" aria-hidden=\"true\" data-negative=\"false\">\n\t\t\t<svg xmlns=\"http:\/\/www.w3.org\/2000\/svg\" viewBox=\"0 0 283.5 19.6\" preserveAspectRatio=\"none\">\n\t<path class=\"elementor-shape-fill\" style=\"opacity:0.33\" d=\"M0 0L0 18.8 141.8 4.1 283.5 18.8 283.5 0z\"\/>\n\t<path class=\"elementor-shape-fill\" style=\"opacity:0.33\" d=\"M0 0L0 12.6 141.8 4 283.5 12.6 283.5 0z\"\/>\n\t<path class=\"elementor-shape-fill\" style=\"opacity:0.33\" d=\"M0 0L0 6.4 141.8 4 283.5 6.4 283.5 0z\"\/>\n\t<path class=\"elementor-shape-fill\" d=\"M0 0L0 1.2 141.8 4 283.5 1.2 283.5 0z\"\/>\n<\/svg>\t\t<\/div>\n\t\t<div class=\"elementor-element elementor-element-86ee5e8 e-flex e-con-boxed e-con e-child\" data-id=\"86ee5e8\" data-element_type=\"container\">\n\t\t\t\t\t<div class=\"e-con-inner\">\n\t\t\t\t<div class=\"elementor-element elementor-element-e1cfe90 elementor-widget elementor-widget-heading\" data-id=\"e1cfe90\" data-element_type=\"widget\" data-widget_type=\"heading.default\">\n\t\t\t\t<div class=\"elementor-widget-container\">\n\t\t\t\t\t<h1 class=\"elementor-heading-title elementor-size-default\">Tretmani lica i tela<\/h1>\t\t\t\t<\/div>\n\t\t\t\t<\/div>\n\t\t\t\t\t<\/div>\n\t\t\t\t<\/div>\n\t\t\t\t<\/div>\n\t\t<div class=\"elementor-element elementor-element-e78cb00 e-flex e-con-boxed e-con e-parent\" data-id=\"e78cb00\" data-element_type=\"container\">\n\t\t\t\t\t<div class=\"e-con-inner\">\n\t\t\t\t\t<\/div>\n\t\t\t\t<\/div>\n\t\t<div class=\"elementor-element elementor-element-4411db8 e-flex e-con-boxed e-con e-parent\" data-id=\"4411db8\" data-element_type=\"container\" data-settings=\"{&quot;background_background&quot;:&quot;classic&quot;,&quot;shape_divider_top&quot;:&quot;opacity-fan&quot;,&quot;shape_divider_bottom&quot;:&quot;opacity-fan&quot;}\">\n\t\t\t\t\t<div class=\"e-con-inner\">\n\t\t\t\t<div class=\"elementor-shape elementor-shape-top\" aria-hidden=\"true\" data-negative=\"false\">\n\t\t\t<svg xmlns=\"http:\/\/www.w3.org\/2000\/svg\" viewBox=\"0 0 283.5 19.6\" preserveAspectRatio=\"none\">\n\t<path class=\"elementor-shape-fill\" style=\"opacity:0.33\" d=\"M0 0L0 18.8 141.8 4.1 283.5 18.8 283.5 0z\"\/>\n\t<path class=\"elementor-shape-fill\" style=\"opacity:0.33\" d=\"M0 0L0 12.6 141.8 4 283.5 12.6 283.5 0z\"\/>\n\t<path class=\"elementor-shape-fill\" style=\"opacity:0.33\" d=\"M0 0L0 6.4 141.8 4 283.5 6.4 283.5 0z\"\/>\n\t<path class=\"elementor-shape-fill\" d=\"M0 0L0 1.2 141.8 4 283.5 1.2 283.5 0z\"\/>\n<\/svg>\t\t<\/div>\n\t\t\t\t<div class=\"elementor-shape elementor-shape-bottom\" aria-hidden=\"true\" data-negative=\"false\">\n\t\t\t<svg xmlns=\"http:\/\/www.w3.org\/2000\/svg\" viewBox=\"0 0 283.5 19.6\" preserveAspectRatio=\"none\">\n\t<path class=\"elementor-shape-fill\" style=\"opacity:0.33\" d=\"M0 0L0 18.8 141.8 4.1 283.5 18.8 283.5 0z\"\/>\n\t<path class=\"elementor-shape-fill\" style=\"opacity:0.33\" d=\"M0 0L0 12.6 141.8 4 283.5 12.6 283.5 0z\"\/>\n\t<path class=\"elementor-shape-fill\" style=\"opacity:0.33\" d=\"M0 0L0 6.4 141.8 4 283.5 6.4 283.5 0z\"\/>\n\t<path class=\"elementor-shape-fill\" d=\"M0 0L0 1.2 141.8 4 283.5 1.2 283.5 0z\"\/>\n<\/svg>\t\t<\/div>\n\t\t\t\t<div class=\"elementor-element elementor-element-68bbb1d elementor-widget elementor-widget-heading\" data-id=\"68bbb1d\" data-element_type=\"widget\" data-widget_type=\"heading.default\">\n\t\t\t\t<div class=\"elementor-widget-container\">\n\t\t\t\t\t<h4 class=\"elementor-heading-title elementor-size-default\">Cenovnik tretmana lica<\/h4>\t\t\t\t<\/div>\n\t\t\t\t<\/div>\n\t\t\t\t<div class=\"elementor-element elementor-element-a868910 elementor-widget elementor-widget-text-editor\" data-id=\"a868910\" data-element_type=\"widget\" data-widget_type=\"text-editor.default\">\n\t\t\t\t<div class=\"elementor-widget-container\">\n\t\t\t\t\t\t\t\t\t<div dir=\"ltr\"><span style=\"color: #a47864;\">Thalgo\u00a0<\/span><\/div><div dir=\"ltr\">\u00a0<\/div><div dir=\"ltr\"><p><span style=\"color: #a47864;\">Higijenski tretman\/ ultrazvu\u010dna \u0161patula 4000<\/span><br \/><span style=\"color: #a47864;\">Hydrafacial tretman 4200<\/span><br \/><span style=\"color: #a47864;\">Oxygen tretman 4000<\/span><br \/><span style=\"color: #a47864;\">RF tretman 3000<\/span><br \/><span style=\"color: #a47864;\">Tretman o\u010dne regije 2000<\/span><br \/><span style=\"color: #a47864;\">Ultrazvuk, serum + ampula 2500<\/span><br \/><span style=\"color: #a47864;\">Thalgo hidratacija Oligo marin 4000<\/span><br \/><span style=\"color: #a47864;\">Thalgo mikronizirane alge 3500<\/span><br \/><span style=\"color: #a47864;\">Thalgo Spirulina 4000<\/span><br \/><span style=\"color: #a47864;\">Hyalu- procollagene 4500<\/span><br \/><span style=\"color: #a47864;\">Tretman za masnu ko\u017eu 3500<\/span><br \/><span style=\"color: #a47864;\">Thalgo Cica Marin tretman za osetljivu ko\u017eu, rozacea 4000<\/span><br \/><span style=\"color: #a47864;\">Thalgo Prodige des oceans 5500<\/span><\/p><p><span style=\"color: #a47864;\">Klapp\u00a0<\/span><\/p><p><span style=\"color: #a47864;\">A Classic gold 4500<\/span><br \/><span style=\"color: #a47864;\">Asa Peel 3800<\/span><br \/><span style=\"color: #a47864;\">Caviar power 5500<\/span><br \/><span style=\"color: #a47864;\">Cell Pro Balansing 5000<\/span><br \/><span style=\"color: #a47864;\">Cell Pro Firminig 5000<\/span><br \/><span style=\"color: #a47864;\">Cell Pro Lifting 5500<\/span><br \/><span style=\"color: #a47864;\">Diamond tretman 5500<\/span><br \/><span style=\"color: #a47864;\">Niacinamid tretman 3500<\/span><br \/><span style=\"color: #a47864;\">Retinol Pro Age 5200<\/span><br \/><span style=\"color: #a47864;\">Repagen excluzive 6000<\/span><br \/><span style=\"color: #a47864;\">Klapp Hemijski piling 4200<\/span><\/p><p><span style=\"color: #a47864;\">Ella Bach\u00e9\u00a0<\/span><\/p><p><span style=\"color: #a47864;\">Tomato Glow 5000<\/span><br \/><span style=\"color: #a47864;\">Hydra plumping 5000<\/span><br \/><span style=\"color: #a47864;\">Sensibeautic probiotic 4500<\/span><br \/><span style=\"color: #a47864;\">Ella bache radiance roses mask 3500<\/span><\/p><p><span style=\"color: #a47864;\">Dermapen tretman 4000<\/span><\/p><p>Dodatna ampula 600<\/p><p>Dodatna sheet maska 1000\u00a0<\/p><p>Masa\u017ea lica, vrata, dekoltea 2500<\/p><\/div>\t\t\t\t\t\t\t\t<\/div>\n\t\t\t\t<\/div>\n\t\t\t\t\t<\/div>\n\t\t\t\t<\/div>\n\t\t<div class=\"elementor-element elementor-element-db43344 e-con-full e-flex e-con e-parent\" data-id=\"db43344\" data-element_type=\"container\" data-settings=\"{&quot;background_background&quot;:&quot;classic&quot;,&quot;shape_divider_bottom&quot;:&quot;opacity-fan&quot;}\">\n\t\t\t\t<div class=\"elementor-shape elementor-shape-bottom\" aria-hidden=\"true\" data-negative=\"false\">\n\t\t\t<svg xmlns=\"http:\/\/www.w3.org\/2000\/svg\" viewBox=\"0 0 283.5 19.6\" preserveAspectRatio=\"none\">\n\t<path class=\"elementor-shape-fill\" style=\"opacity:0.33\" d=\"M0 0L0 18.8 141.8 4.1 283.5 18.8 283.5 0z\"\/>\n\t<path class=\"elementor-shape-fill\" style=\"opacity:0.33\" d=\"M0 0L0 12.6 141.8 4 283.5 12.6 283.5 0z\"\/>\n\t<path class=\"elementor-shape-fill\" style=\"opacity:0.33\" d=\"M0 0L0 6.4 141.8 4 283.5 6.4 283.5 0z\"\/>\n\t<path class=\"elementor-shape-fill\" d=\"M0 0L0 1.2 141.8 4 283.5 1.2 283.5 0z\"\/>\n<\/svg>\t\t<\/div>\n\t\t<div class=\"elementor-element elementor-element-e228043 e-flex e-con-boxed e-con e-child\" data-id=\"e228043\" data-element_type=\"container\">\n\t\t\t\t\t<div class=\"e-con-inner\">\n\t\t\t\t<div class=\"elementor-element elementor-element-8824276 elementor-widget elementor-widget-heading\" data-id=\"8824276\" data-element_type=\"widget\" data-widget_type=\"heading.default\">\n\t\t\t\t<div class=\"elementor-widget-container\">\n\t\t\t\t\t<h1 class=\"elementor-heading-title elementor-size-default\">Tretmani tela<\/h1>\t\t\t\t<\/div>\n\t\t\t\t<\/div>\n\t\t\t\t\t<\/div>\n\t\t\t\t<\/div>\n\t\t\t\t<\/div>\n\t\t<div class=\"elementor-element elementor-element-36f8574 e-flex e-con-boxed e-con e-parent\" data-id=\"36f8574\" data-element_type=\"container\">\n\t\t\t\t\t<div class=\"e-con-inner\">\n\t\t\t\t<div class=\"elementor-element elementor-element-c2fe243 elementor-widget elementor-widget-heading\" data-id=\"c2fe243\" data-element_type=\"widget\" data-widget_type=\"heading.default\">\n\t\t\t\t<div class=\"elementor-widget-container\">\n\t\t\t\t\t<h4 class=\"elementor-heading-title elementor-size-default\">Cenovnik tretmana tela<\/h4>\t\t\t\t<\/div>\n\t\t\t\t<\/div>\n\t\t\t\t\t<\/div>\n\t\t\t\t<\/div>\n\t\t<div class=\"elementor-element elementor-element-f7b7f12 e-flex e-con-boxed e-con e-parent\" data-id=\"f7b7f12\" data-element_type=\"container\">\n\t\t\t\t\t<div class=\"e-con-inner\">\n\t\t\t\t<div class=\"elementor-element elementor-element-661ad8a elementor-widget elementor-widget-text-editor\" data-id=\"661ad8a\" data-element_type=\"widget\" data-widget_type=\"text-editor.default\">\n\t\t\t\t<div class=\"elementor-widget-container\">\n\t\t\t\t\t\t\t\t\t<p>Thalgo Francuska rivijera sa Peeblom (piling tela, masa\u017ea Peeblom)<br \/>Ledja i ruke 3500<br \/>Celo telo 4500<br \/>Tretman sa mikroniziranim algama za problemati\u010dnu ko\u017eu ledja 4000<\/p>\t\t\t\t\t\t\t\t<\/div>\n\t\t\t\t<\/div>\n\t\t\t\t\t<\/div>\n\t\t\t\t<\/div>\n\t\t<div class=\"elementor-element elementor-element-92b0160 e-flex e-con-boxed e-con e-parent\" data-id=\"92b0160\" data-element_type=\"container\" data-settings=\"{&quot;background_background&quot;:&quot;classic&quot;}\">\n\t\t\t\t\t<div class=\"e-con-inner\">\n\t\t\t\t<div class=\"elementor-element elementor-element-9a2bca6 elementor-align-center elementor-widget__width-inherit elementor-invisible elementor-widget elementor-widget-button\" data-id=\"9a2bca6\" data-element_type=\"widget\" data-settings=\"{&quot;_animation&quot;:&quot;bounceIn&quot;}\" data-widget_type=\"button.default\">\n\t\t\t\t<div class=\"elementor-widget-container\">\n\t\t\t\t\t\t\t\t\t<div class=\"elementor-button-wrapper\">\n\t\t\t\t\t<a class=\"elementor-button elementor-button-link elementor-size-sm\" href=\"https:\/\/cacao.rs\/index.php\/kontakt\/\">\n\t\t\t\t\t\t<span class=\"elementor-button-content-wrapper\">\n\t\t\t\t\t\t<span class=\"elementor-button-icon\">\n\t\t\t\t<svg aria-hidden=\"true\" class=\"e-font-icon-svg e-fas-calendar-alt\" viewBox=\"0 0 448 512\" xmlns=\"http:\/\/www.w3.org\/2000\/svg\"><path d=\"M0 464c0 26.5 21.5 48 48 48h352c26.5 0 48-21.5 48-48V192H0v272zm320-196c0-6.6 5.4-12 12-12h40c6.6 0 12 5.4 12 12v40c0 6.6-5.4 12-12 12h-40c-6.6 0-12-5.4-12-12v-40zm0 128c0-6.6 5.4-12 12-12h40c6.6 0 12 5.4 12 12v40c0 6.6-5.4 12-12 12h-40c-6.6 0-12-5.4-12-12v-40zM192 268c0-6.6 5.4-12 12-12h40c6.6 0 12 5.4 12 12v40c0 6.6-5.4 12-12 12h-40c-6.6 0-12-5.4-12-12v-40zm0 128c0-6.6 5.4-12 12-12h40c6.6 0 12 5.4 12 12v40c0 6.6-5.4 12-12 12h-40c-6.6 0-12-5.4-12-12v-40zM64 268c0-6.6 5.4-12 12-12h40c6.6 0 12 5.4 12 12v40c0 6.6-5.4 12-12 12H76c-6.6 0-12-5.4-12-12v-40zm0 128c0-6.6 5.4-12 12-12h40c6.6 0 12 5.4 12 12v40c0 6.6-5.4 12-12 12H76c-6.6 0-12-5.4-12-12v-40zM400 64h-48V16c0-8.8-7.2-16-16-16h-32c-8.8 0-16 7.2-16 16v48H160V16c0-8.8-7.2-16-16-16h-32c-8.8 0-16 7.2-16 16v48H48C21.5 64 0 85.5 0 112v48h448v-48c0-26.5-21.5-48-48-48z\"><\/path><\/svg>\t\t\t<\/span>\n\t\t\t\t\t\t\t\t\t<span class=\"elementor-button-text\">Zaka\u017ei tretman<\/span>\n\t\t\t\t\t<\/span>\n\t\t\t\t\t<\/a>\n\t\t\t\t<\/div>\n\t\t\t\t\t\t\t\t<\/div>\n\t\t\t\t<\/div>\n\t\t\t\t\t<\/div>\n\t\t\t\t<\/div>\n\t\t\t\t<\/div>\n\t\t","protected":false},"excerpt":{"rendered":"<p>Tretmani lica i tela Cenovnik tretmana lica Thalgo\u00a0\u00a0 Higijenski tretman\/ ultrazvu\u010dna \u0161patula 4000Hydrafacial tretman 4200Oxygen tretman 4000RF tretman 3000Tretman o\u010dne regije 2000Ultrazvuk, serum + ampula 2500Thalgo hidratacija Oligo marin 4000Thalgo mikronizirane alge 3500Thalgo Spirulina 4000Hyalu- procollagene 4500Tretman za masnu ko\u017eu 3500Thalgo Cica Marin tretman za osetljivu ko\u017eu, rozacea 4000Thalgo Prodige des oceans 5500 Klapp\u00a0 A [&hellip;]<\/p>\n","protected":false},"author":2,"featured_media":0,"parent":0,"menu_order":0,"comment_status":"closed","ping_status":"closed","template":"elementor_header_footer","meta":{"footnotes":""},"class_list":["post-336","page","type-page","status-publish","hentry"],"blocksy_meta":[],"_links":{"self":[{"href":"https:\/\/cacao.rs\/index.php\/wp-json\/wp\/v2\/pages\/336","targetHints":{"allow":["GET"]}}],"collection":[{"href":"https:\/\/cacao.rs\/index.php\/wp-json\/wp\/v2\/pages"}],"about":[{"href":"https:\/\/cacao.rs\/index.php\/wp-json\/wp\/v2\/types\/page"}],"author":[{"embeddable":true,"href":"https:\/\/cacao.rs\/index.php\/wp-json\/wp\/v2\/users\/2"}],"replies":[{"embeddable":true,"href":"https:\/\/cacao.rs\/index.php\/wp-json\/wp\/v2\/comments?post=336"}],"version-history":[{"count":17,"href":"https:\/\/cacao.rs\/index.php\/wp-json\/wp\/v2\/pages\/336\/revisions"}],"predecessor-version":[{"id":586,"href":"https:\/\/cacao.rs\/index.php\/wp-json\/wp\/v2\/pages\/336\/revisions\/586"}],"wp:attachment":[{"href":"https:\/\/cacao.rs\/index.php\/wp-json\/wp\/v2\/media?parent=336"}],"curies":[{"name":"wp","href":"https:\/\/api.w.org\/{rel}","templated":true}]}}