{"id":326,"date":"2025-01-13T18:31:13","date_gmt":"2025-01-13T18:31:13","guid":{"rendered":"https:\/\/cacao.rs\/?page_id=326"},"modified":"2025-02-02T15:03:23","modified_gmt":"2025-02-02T15:03:23","slug":"manikir","status":"publish","type":"page","link":"https:\/\/cacao.rs\/index.php\/manikir\/","title":{"rendered":"Manikir"},"content":{"rendered":"\t\t<div data-elementor-type=\"wp-page\" data-elementor-id=\"326\" class=\"elementor elementor-326\">\n\t\t\t\t<div class=\"elementor-element elementor-element-310d666 e-con-full e-flex e-con e-parent\" data-id=\"310d666\" data-element_type=\"container\" data-settings=\"{&quot;background_background&quot;:&quot;classic&quot;,&quot;shape_divider_bottom&quot;:&quot;opacity-fan&quot;}\">\n\t\t\t\t<div class=\"elementor-shape elementor-shape-bottom\" aria-hidden=\"true\" data-negative=\"false\">\n\t\t\t<svg xmlns=\"http:\/\/www.w3.org\/2000\/svg\" viewBox=\"0 0 283.5 19.6\" preserveAspectRatio=\"none\">\n\t<path class=\"elementor-shape-fill\" style=\"opacity:0.33\" d=\"M0 0L0 18.8 141.8 4.1 283.5 18.8 283.5 0z\"\/>\n\t<path class=\"elementor-shape-fill\" style=\"opacity:0.33\" d=\"M0 0L0 12.6 141.8 4 283.5 12.6 283.5 0z\"\/>\n\t<path class=\"elementor-shape-fill\" style=\"opacity:0.33\" d=\"M0 0L0 6.4 141.8 4 283.5 6.4 283.5 0z\"\/>\n\t<path class=\"elementor-shape-fill\" d=\"M0 0L0 1.2 141.8 4 283.5 1.2 283.5 0z\"\/>\n<\/svg>\t\t<\/div>\n\t\t<div class=\"elementor-element elementor-element-ab23432 e-flex e-con-boxed e-con e-child\" data-id=\"ab23432\" data-element_type=\"container\">\n\t\t\t\t\t<div class=\"e-con-inner\">\n\t\t\t\t<div class=\"elementor-element elementor-element-8d4de82 elementor-widget elementor-widget-heading\" data-id=\"8d4de82\" data-element_type=\"widget\" data-widget_type=\"heading.default\">\n\t\t\t\t<div class=\"elementor-widget-container\">\n\t\t\t\t\t<h1 class=\"elementor-heading-title elementor-size-default\">Manikir<\/h1>\t\t\t\t<\/div>\n\t\t\t\t<\/div>\n\t\t\t\t\t<\/div>\n\t\t\t\t<\/div>\n\t\t\t\t<\/div>\n\t\t<div class=\"elementor-element elementor-element-46d42e9 e-flex e-con-boxed e-con e-parent\" data-id=\"46d42e9\" data-element_type=\"container\">\n\t\t\t\t\t<div class=\"e-con-inner\">\n\t\t\t\t<div class=\"elementor-element elementor-element-980bfeb elementor-widget elementor-widget-text-editor\" data-id=\"980bfeb\" data-element_type=\"widget\" data-widget_type=\"text-editor.default\">\n\t\t\t\t<div class=\"elementor-widget-container\">\n\t\t\t\t\t\t\t\t\t<p>Ruke su vi\u0161evekovna inspiracija, kontrastni simbol ne\u017enosti i snage i kao takve zaslu\u017euju posebnu pa\u017enju pri nezi i ulep\u0161avanju. Ne\u017ena ko\u017ea ruku i stilizovani, uredni nokti postali su deo \u017eivotnog stila.\u00a0Bilo da preferirate klasi\u010dan izgled i svedenost, birate minimalisti\u010dki stil ili \u017eelite da eksperimenti\u0161ete sa bojama i dekoracijama \u2013 manikir u studiju Cacao ispuni\u0107e va\u0161a o\u010dekivanja.<\/p><p>Manikir ne podrazumeva samo nano\u0161enje boje i ukrasnih elemenata na nokatnu plo\u010du, ve\u0107 i dubinsku negu noktiju i ko\u017ee oko ove osetljive regije. Tretman po\u010dinje odstranjivanjem masnih naslaga sa nokatne plo\u010de, potiskivanjem ili se\u010denjem zanoktica, sledi oblikovanje noktiju, zatvaranje pora nokatne plo\u010de uljem bogatim kalcijumom, nega ispucale i suve ko\u017ee zanoktica i nano\u0161enje boje.<\/p>\t\t\t\t\t\t\t\t<\/div>\n\t\t\t\t<\/div>\n\t\t\t\t\t<\/div>\n\t\t\t\t<\/div>\n\t\t<div class=\"elementor-element elementor-element-67b3e34 e-flex e-con-boxed e-con e-parent\" data-id=\"67b3e34\" data-element_type=\"container\" data-settings=\"{&quot;background_background&quot;:&quot;classic&quot;,&quot;shape_divider_top&quot;:&quot;opacity-fan&quot;,&quot;shape_divider_bottom&quot;:&quot;opacity-fan&quot;}\">\n\t\t\t\t\t<div class=\"e-con-inner\">\n\t\t\t\t<div class=\"elementor-shape elementor-shape-top\" aria-hidden=\"true\" data-negative=\"false\">\n\t\t\t<svg xmlns=\"http:\/\/www.w3.org\/2000\/svg\" viewBox=\"0 0 283.5 19.6\" preserveAspectRatio=\"none\">\n\t<path class=\"elementor-shape-fill\" style=\"opacity:0.33\" d=\"M0 0L0 18.8 141.8 4.1 283.5 18.8 283.5 0z\"\/>\n\t<path class=\"elementor-shape-fill\" style=\"opacity:0.33\" d=\"M0 0L0 12.6 141.8 4 283.5 12.6 283.5 0z\"\/>\n\t<path class=\"elementor-shape-fill\" style=\"opacity:0.33\" d=\"M0 0L0 6.4 141.8 4 283.5 6.4 283.5 0z\"\/>\n\t<path class=\"elementor-shape-fill\" d=\"M0 0L0 1.2 141.8 4 283.5 1.2 283.5 0z\"\/>\n<\/svg>\t\t<\/div>\n\t\t\t\t<div class=\"elementor-shape elementor-shape-bottom\" aria-hidden=\"true\" data-negative=\"false\">\n\t\t\t<svg xmlns=\"http:\/\/www.w3.org\/2000\/svg\" viewBox=\"0 0 283.5 19.6\" preserveAspectRatio=\"none\">\n\t<path class=\"elementor-shape-fill\" style=\"opacity:0.33\" d=\"M0 0L0 18.8 141.8 4.1 283.5 18.8 283.5 0z\"\/>\n\t<path class=\"elementor-shape-fill\" style=\"opacity:0.33\" d=\"M0 0L0 12.6 141.8 4 283.5 12.6 283.5 0z\"\/>\n\t<path class=\"elementor-shape-fill\" style=\"opacity:0.33\" d=\"M0 0L0 6.4 141.8 4 283.5 6.4 283.5 0z\"\/>\n\t<path class=\"elementor-shape-fill\" d=\"M0 0L0 1.2 141.8 4 283.5 1.2 283.5 0z\"\/>\n<\/svg>\t\t<\/div>\n\t\t\t\t<div class=\"elementor-element elementor-element-578a88d elementor-widget elementor-widget-heading\" data-id=\"578a88d\" data-element_type=\"widget\" data-widget_type=\"heading.default\">\n\t\t\t\t<div class=\"elementor-widget-container\">\n\t\t\t\t\t<h4 class=\"elementor-heading-title elementor-size-default\">Cenovnik<\/h4>\t\t\t\t<\/div>\n\t\t\t\t<\/div>\n\t\t\t\t<div class=\"elementor-element elementor-element-63a24ea elementor-widget elementor-widget-text-editor\" data-id=\"63a24ea\" data-element_type=\"widget\" data-widget_type=\"text-editor.default\">\n\t\t\t\t<div class=\"elementor-widget-container\">\n\t\t\t\t\t\t\t\t\t<p><span style=\"color: #ffffff;\">Manikir mu\u0161karci 1500<\/span><br \/><span style=\"color: #ffffff;\">Manikir sa lakiranjem 1500<\/span><br \/><span style=\"color: #ffffff;\">Manikir sa trajnim lakom\/gel lak 2000<\/span><br \/><span style=\"color: #ffffff;\">Korekcija gelom S 2200<\/span><br \/><span style=\"color: #ffffff;\">Korekcija gelom M 2700<\/span><br \/><span style=\"color: #ffffff;\">Korekcija gelom L 3200<\/span><br \/><span style=\"color: #ffffff;\">Gel tipse S 2300<\/span><br \/><span style=\"color: #ffffff;\">Gel tipse M 2600<\/span><br \/><span style=\"color: #ffffff;\">Gel tipse L 3000<\/span><br \/><span style=\"color: #ffffff;\">Izlivanje dual formom S 2500<\/span><br \/><span style=\"color: #ffffff;\">Izlivanje dual formom M 2900<\/span><br \/><span style=\"color: #ffffff;\">Izlivanje dual formom L 3300<\/span><\/p><p><span style=\"color: #ffffff;\">Doplata za fren\u010d\/ombre 200<\/span><br \/><span style=\"color: #ffffff;\">Korekcija jednog nokta 300<\/span><br \/><span style=\"color: #ffffff;\">Skidanje gela\/ gel laka + sredjivanje zanoktica 1000<\/span><br \/><span style=\"color: #ffffff;\">Parafinsko pakovanje 1000<\/span><br \/><span style=\"color: #ffffff;\">Dizajn na upit<\/span><\/p><p><span style=\"color: #ffffff;\">Izlivanje M 2800<\/span><\/p><p><span style=\"color: #ffffff;\">Skidanje gela\/gel laka bez manikira 1000<\/span><\/p><p><span style=\"color: #ffffff;\">Skidanje gela\/gel laka sa manikirom 1500<\/span><\/p>\t\t\t\t\t\t\t\t<\/div>\n\t\t\t\t<\/div>\n\t\t\t\t\t<\/div>\n\t\t\t\t<\/div>\n\t\t<div class=\"elementor-element elementor-element-1950fda e-flex e-con-boxed e-con e-parent\" data-id=\"1950fda\" data-element_type=\"container\" data-settings=\"{&quot;background_background&quot;:&quot;classic&quot;}\">\n\t\t\t\t\t<div class=\"e-con-inner\">\n\t\t\t\t<div class=\"elementor-element elementor-element-930b164 elementor-align-center elementor-widget__width-inherit elementor-invisible elementor-widget elementor-widget-button\" data-id=\"930b164\" data-element_type=\"widget\" data-settings=\"{&quot;_animation&quot;:&quot;bounceIn&quot;}\" data-widget_type=\"button.default\">\n\t\t\t\t<div class=\"elementor-widget-container\">\n\t\t\t\t\t\t\t\t\t<div class=\"elementor-button-wrapper\">\n\t\t\t\t\t<a class=\"elementor-button elementor-button-link elementor-size-sm\" href=\"https:\/\/cacao.rs\/index.php\/kontakt\/\">\n\t\t\t\t\t\t<span class=\"elementor-button-content-wrapper\">\n\t\t\t\t\t\t<span class=\"elementor-button-icon\">\n\t\t\t\t<svg aria-hidden=\"true\" class=\"e-font-icon-svg e-fas-calendar-alt\" viewBox=\"0 0 448 512\" xmlns=\"http:\/\/www.w3.org\/2000\/svg\"><path d=\"M0 464c0 26.5 21.5 48 48 48h352c26.5 0 48-21.5 48-48V192H0v272zm320-196c0-6.6 5.4-12 12-12h40c6.6 0 12 5.4 12 12v40c0 6.6-5.4 12-12 12h-40c-6.6 0-12-5.4-12-12v-40zm0 128c0-6.6 5.4-12 12-12h40c6.6 0 12 5.4 12 12v40c0 6.6-5.4 12-12 12h-40c-6.6 0-12-5.4-12-12v-40zM192 268c0-6.6 5.4-12 12-12h40c6.6 0 12 5.4 12 12v40c0 6.6-5.4 12-12 12h-40c-6.6 0-12-5.4-12-12v-40zm0 128c0-6.6 5.4-12 12-12h40c6.6 0 12 5.4 12 12v40c0 6.6-5.4 12-12 12h-40c-6.6 0-12-5.4-12-12v-40zM64 268c0-6.6 5.4-12 12-12h40c6.6 0 12 5.4 12 12v40c0 6.6-5.4 12-12 12H76c-6.6 0-12-5.4-12-12v-40zm0 128c0-6.6 5.4-12 12-12h40c6.6 0 12 5.4 12 12v40c0 6.6-5.4 12-12 12H76c-6.6 0-12-5.4-12-12v-40zM400 64h-48V16c0-8.8-7.2-16-16-16h-32c-8.8 0-16 7.2-16 16v48H160V16c0-8.8-7.2-16-16-16h-32c-8.8 0-16 7.2-16 16v48H48C21.5 64 0 85.5 0 112v48h448v-48c0-26.5-21.5-48-48-48z\"><\/path><\/svg>\t\t\t<\/span>\n\t\t\t\t\t\t\t\t\t<span class=\"elementor-button-text\">Zaka\u017ei tretman<\/span>\n\t\t\t\t\t<\/span>\n\t\t\t\t\t<\/a>\n\t\t\t\t<\/div>\n\t\t\t\t\t\t\t\t<\/div>\n\t\t\t\t<\/div>\n\t\t\t\t\t<\/div>\n\t\t\t\t<\/div>\n\t\t\t\t<\/div>\n\t\t","protected":false},"excerpt":{"rendered":"<p>Manikir Ruke su vi\u0161evekovna inspiracija, kontrastni simbol ne\u017enosti i snage i kao takve zaslu\u017euju posebnu pa\u017enju pri nezi i ulep\u0161avanju. Ne\u017ena ko\u017ea ruku i stilizovani, uredni nokti postali su deo \u017eivotnog stila.\u00a0Bilo da preferirate klasi\u010dan izgled i svedenost, birate minimalisti\u010dki stil ili \u017eelite da eksperimenti\u0161ete sa bojama i dekoracijama \u2013 manikir u studiju Cacao ispuni\u0107e [&hellip;]<\/p>\n","protected":false},"author":2,"featured_media":0,"parent":0,"menu_order":0,"comment_status":"closed","ping_status":"closed","template":"elementor_header_footer","meta":{"footnotes":""},"class_list":["post-326","page","type-page","status-publish","hentry"],"blocksy_meta":[],"_links":{"self":[{"href":"https:\/\/cacao.rs\/index.php\/wp-json\/wp\/v2\/pages\/326","targetHints":{"allow":["GET"]}}],"collection":[{"href":"https:\/\/cacao.rs\/index.php\/wp-json\/wp\/v2\/pages"}],"about":[{"href":"https:\/\/cacao.rs\/index.php\/wp-json\/wp\/v2\/types\/page"}],"author":[{"embeddable":true,"href":"https:\/\/cacao.rs\/index.php\/wp-json\/wp\/v2\/users\/2"}],"replies":[{"embeddable":true,"href":"https:\/\/cacao.rs\/index.php\/wp-json\/wp\/v2\/comments?post=326"}],"version-history":[{"count":16,"href":"https:\/\/cacao.rs\/index.php\/wp-json\/wp\/v2\/pages\/326\/revisions"}],"predecessor-version":[{"id":583,"href":"https:\/\/cacao.rs\/index.php\/wp-json\/wp\/v2\/pages\/326\/revisions\/583"}],"wp:attachment":[{"href":"https:\/\/cacao.rs\/index.php\/wp-json\/wp\/v2\/media?parent=326"}],"curies":[{"name":"wp","href":"https:\/\/api.w.org\/{rel}","templated":true}]}}